{"id":266,"date":"2021-05-17T12:09:19","date_gmt":"2021-05-17T12:09:19","guid":{"rendered":"https:\/\/covington.gallery\/store\/?post_type=product&#038;p=266"},"modified":"2022-12-27T11:56:49","modified_gmt":"2022-12-27T11:56:49","slug":"combustion","status":"publish","type":"product","link":"https:\/\/covington.gallery\/store\/producto\/combustion\/","title":{"rendered":"\u00abCombusti\u00f3n\u00bb, de Dorotevsky"},"content":{"rendered":"<p>Pieza \u00danica (15\u00d720 cm)<br \/>\nMixta sobre cart\u00f3n prensado<br \/>\nSe entrega sin marco<\/p>\n","protected":false},"excerpt":{"rendered":"<div class=\"entry-summary\">\nPieza \u00danica (15\u00d720 cm) Mixta sobre cart\u00f3n prensado Se entrega sin marco\n<\/div>\n","protected":false},"featured_media":267,"template":"","meta":[],"product_cat":[16],"product_tag":[],"class_list":["post-266","product","type-product","status-publish","has-post-thumbnail","hentry","product_cat-collage-analogico","product_shipping_class-analogico","entry"],"_links":{"self":[{"href":"https:\/\/covington.gallery\/store\/wp-json\/wp\/v2\/product\/266","targetHints":{"allow":["GET"]}}],"collection":[{"href":"https:\/\/covington.gallery\/store\/wp-json\/wp\/v2\/product"}],"about":[{"href":"https:\/\/covington.gallery\/store\/wp-json\/wp\/v2\/types\/product"}],"wp:featuredmedia":[{"embeddable":true,"href":"https:\/\/covington.gallery\/store\/wp-json\/wp\/v2\/media\/267"}],"wp:attachment":[{"href":"https:\/\/covington.gallery\/store\/wp-json\/wp\/v2\/media?parent=266"}],"wp:term":[{"taxonomy":"product_cat","embeddable":true,"href":"https:\/\/covington.gallery\/store\/wp-json\/wp\/v2\/product_cat?post=266"},{"taxonomy":"product_tag","embeddable":true,"href":"https:\/\/covington.gallery\/store\/wp-json\/wp\/v2\/product_tag?post=266"}],"curies":[{"name":"wp","href":"https:\/\/api.w.org\/{rel}","templated":true}]}}