{"id":329,"date":"2022-06-01T15:35:30","date_gmt":"2022-06-01T15:35:30","guid":{"rendered":"https:\/\/covington.gallery\/store\/?page_id=329"},"modified":"2023-11-21T11:44:50","modified_gmt":"2023-11-21T11:44:50","slug":"taller-collage-analogico","status":"publish","type":"page","link":"https:\/\/covington.gallery\/store\/taller-collage-analogico\/","title":{"rendered":"TALLER DE COLLAGE ANAL\u00d3GICO"},"content":{"rendered":"\n<h3 class=\"wp-block-heading\">VIERNES DE 18:30 A 20:30 h<\/h3>\n\n\n\n<h3 class=\"wp-block-heading\">20 \u20ac     MERIENDA Y MATERIALES INCLUIDOS<\/h3>\n\n\n\n<p><\/p>\n\n\n\n<figure class=\"wp-block-gallery has-nested-images columns-default is-cropped wp-block-gallery-1 is-layout-flex wp-block-gallery-is-layout-flex\">\n<figure class=\"wp-block-image size-large\"><img loading=\"lazy\" decoding=\"async\" width=\"1024\" height=\"577\" data-id=\"334\" src=\"https:\/\/covington.gallery\/store\/wp-content\/uploads\/2022\/06\/WhatsApp-Image-2022-06-01-at-3.21.56-PM-1024x577.jpeg\" alt=\"\" class=\"wp-image-334\" srcset=\"https:\/\/covington.gallery\/store\/wp-content\/uploads\/2022\/06\/WhatsApp-Image-2022-06-01-at-3.21.56-PM-1024x577.jpeg 1024w, https:\/\/covington.gallery\/store\/wp-content\/uploads\/2022\/06\/WhatsApp-Image-2022-06-01-at-3.21.56-PM-300x169.jpeg 300w, https:\/\/covington.gallery\/store\/wp-content\/uploads\/2022\/06\/WhatsApp-Image-2022-06-01-at-3.21.56-PM-768x433.jpeg 768w, https:\/\/covington.gallery\/store\/wp-content\/uploads\/2022\/06\/WhatsApp-Image-2022-06-01-at-3.21.56-PM-1536x866.jpeg 1536w, https:\/\/covington.gallery\/store\/wp-content\/uploads\/2022\/06\/WhatsApp-Image-2022-06-01-at-3.21.56-PM-600x338.jpeg 600w, https:\/\/covington.gallery\/store\/wp-content\/uploads\/2022\/06\/WhatsApp-Image-2022-06-01-at-3.21.56-PM.jpeg 2048w\" sizes=\"auto, (max-width: 1024px) 100vw, 1024px\" \/><\/figure>\n\n\n\n<figure class=\"wp-block-image size-large\"><img loading=\"lazy\" decoding=\"async\" width=\"1024\" height=\"596\" data-id=\"335\" src=\"https:\/\/covington.gallery\/store\/wp-content\/uploads\/2022\/06\/WhatsApp-Image-2022-06-01-at-3.20.04-PM-1024x596.jpeg\" alt=\"\" class=\"wp-image-335\" srcset=\"https:\/\/covington.gallery\/store\/wp-content\/uploads\/2022\/06\/WhatsApp-Image-2022-06-01-at-3.20.04-PM-1024x596.jpeg 1024w, https:\/\/covington.gallery\/store\/wp-content\/uploads\/2022\/06\/WhatsApp-Image-2022-06-01-at-3.20.04-PM-300x175.jpeg 300w, https:\/\/covington.gallery\/store\/wp-content\/uploads\/2022\/06\/WhatsApp-Image-2022-06-01-at-3.20.04-PM-768x447.jpeg 768w, https:\/\/covington.gallery\/store\/wp-content\/uploads\/2022\/06\/WhatsApp-Image-2022-06-01-at-3.20.04-PM-1536x894.jpeg 1536w, https:\/\/covington.gallery\/store\/wp-content\/uploads\/2022\/06\/WhatsApp-Image-2022-06-01-at-3.20.04-PM-600x349.jpeg 600w, https:\/\/covington.gallery\/store\/wp-content\/uploads\/2022\/06\/WhatsApp-Image-2022-06-01-at-3.20.04-PM.jpeg 1932w\" sizes=\"auto, (max-width: 1024px) 100vw, 1024px\" \/><\/figure>\n<\/figure>\n\n\n\n<p>Jugaremos con materiales como: papel, pintura, distintas superficies y t\u00e9cnicas. Estos materiales ser\u00e1n facilitados por la galer\u00eda, motivo por el cual, s\u00f3lo tendr\u00e9is que venir acompa\u00f1ados de vuestras ganas. Si quisierais aportar alg\u00fan material o  recortar con vuestras tijeras, no dud\u00e9is en traerlas.<\/p>\n\n\n\n<p>La idea es poner al servicio varias din\u00e1micas para que aprend\u00e1is a componer con figuras y papel, dando rumbo, pero dejando que vuestra creatividad sea \u00fanica.<\/p>\n\n\n\n<p>Din\u00e1micas como crear todos a partir de la misma figura o contar una historia con el papel, ser\u00e1n algunas de las propuestas, que se llevar\u00e1n a cabo de forma individual, siempre en compa\u00f1\u00eda de \u00abDorotevsky\u00bb, que os guiar\u00e1 durante el proceso.<\/p>\n\n\n\n<p>Los talleres no tendr\u00e1n continuidad, son individuales, pero se nutren del grupo y de los temas que vayan saliendo. Es por ello que aun siendo cada viernes, no hay obligaci\u00f3n de asistir a todos.<\/p>\n\n\n\n<p>La idea es que compartamos tardes, inquietudes y tambi\u00e9n aprendamos a hacer collages con la mejor de las compa\u00f1\u00edas.<\/p>\n\n\n\n<figure class=\"wp-block-image size-large\"><img loading=\"lazy\" decoding=\"async\" width=\"1024\" height=\"341\" src=\"https:\/\/covington.gallery\/store\/wp-content\/uploads\/2023\/11\/collage_analog_taller_cartel_2023-1024x341.jpg\" alt=\"\" class=\"wp-image-442\" srcset=\"https:\/\/covington.gallery\/store\/wp-content\/uploads\/2023\/11\/collage_analog_taller_cartel_2023-1024x341.jpg 1024w, https:\/\/covington.gallery\/store\/wp-content\/uploads\/2023\/11\/collage_analog_taller_cartel_2023-300x100.jpg 300w, https:\/\/covington.gallery\/store\/wp-content\/uploads\/2023\/11\/collage_analog_taller_cartel_2023-768x256.jpg 768w, https:\/\/covington.gallery\/store\/wp-content\/uploads\/2023\/11\/collage_analog_taller_cartel_2023-1536x512.jpg 1536w, https:\/\/covington.gallery\/store\/wp-content\/uploads\/2023\/11\/collage_analog_taller_cartel_2023-2048x683.jpg 2048w, https:\/\/covington.gallery\/store\/wp-content\/uploads\/2023\/11\/collage_analog_taller_cartel_2023-1920x640.jpg 1920w, https:\/\/covington.gallery\/store\/wp-content\/uploads\/2023\/11\/collage_analog_taller_cartel_2023-600x200.jpg 600w\" sizes=\"auto, (max-width: 1024px) 100vw, 1024px\" \/><\/figure>\n\n\n\n<div class=\"wp-block-buttons is-layout-flex wp-block-buttons-is-layout-flex\">\n<div class=\"wp-block-button is-style-fill\" id=\"inscripcion\"><a class=\"wp-block-button__link has-white-color has-black-background-color has-text-color has-background wp-element-button\" href=\"https:\/\/www.covington.gallery\/contact.html\" target=\"_blank\" rel=\"noreferrer noopener\">Inscribirme<\/a><\/div>\n<\/div>\n","protected":false},"excerpt":{"rendered":"<div class=\"entry-summary\">\nVIERNES DE 18:30 A 20:30 h 20 \u20ac MERIENDA Y MATERIALES INCLUIDOS&hellip;\n<\/div>\n<div class=\"link-more\"><a href=\"https:\/\/covington.gallery\/store\/taller-collage-analogico\/\" class=\"more-link\">Seguir leyendo<span class=\"screen-reader-text\"> &ldquo;TALLER DE COLLAGE ANAL\u00d3GICO&rdquo;<\/span>&hellip;<\/a><\/div>\n","protected":false},"author":2,"featured_media":331,"parent":0,"menu_order":0,"comment_status":"open","ping_status":"closed","template":"","meta":{"footnotes":""},"class_list":["post-329","page","type-page","status-publish","has-post-thumbnail","hentry","entry"],"_links":{"self":[{"href":"https:\/\/covington.gallery\/store\/wp-json\/wp\/v2\/pages\/329","targetHints":{"allow":["GET"]}}],"collection":[{"href":"https:\/\/covington.gallery\/store\/wp-json\/wp\/v2\/pages"}],"about":[{"href":"https:\/\/covington.gallery\/store\/wp-json\/wp\/v2\/types\/page"}],"author":[{"embeddable":true,"href":"https:\/\/covington.gallery\/store\/wp-json\/wp\/v2\/users\/2"}],"replies":[{"embeddable":true,"href":"https:\/\/covington.gallery\/store\/wp-json\/wp\/v2\/comments?post=329"}],"version-history":[{"count":8,"href":"https:\/\/covington.gallery\/store\/wp-json\/wp\/v2\/pages\/329\/revisions"}],"predecessor-version":[{"id":445,"href":"https:\/\/covington.gallery\/store\/wp-json\/wp\/v2\/pages\/329\/revisions\/445"}],"wp:featuredmedia":[{"embeddable":true,"href":"https:\/\/covington.gallery\/store\/wp-json\/wp\/v2\/media\/331"}],"wp:attachment":[{"href":"https:\/\/covington.gallery\/store\/wp-json\/wp\/v2\/media?parent=329"}],"curies":[{"name":"wp","href":"https:\/\/api.w.org\/{rel}","templated":true}]}}